{"id":8982,"date":"2023-11-03T17:31:14","date_gmt":"2023-11-03T20:31:14","guid":{"rendered":"https:\/\/kpmayorista.com\/nuevaweb\/?page_id=8982"},"modified":"2023-11-03T17:32:33","modified_gmt":"2023-11-03T20:32:33","slug":"como-comprar-2","status":"publish","type":"page","link":"https:\/\/kpmayorista.com\/nueva\/como-comprar-2\/","title":{"rendered":"\u00bfC\u00f3mo comprar?"},"content":{"rendered":"<p>Antes de realizar cualquier compra en\u00a0<strong>Kp Mayorista<\/strong>, previamente deber\u00e1s registrarte completando el Formulario de Solicitud y aguardar nuestro contacto para habilitarte a operar.<\/p>\n<p>El cliente, usuario o visitante \u201d al realizar un pedido o \u201ccompra\u201d a trav\u00e9s del \u201cSitio\u201d, no estar\u00e1 realizando un contrato de compraventa electr\u00f3nica, sino que estar\u00e1 realizando un pedido de Solicitud de cotizaci\u00f3n de los productos indicados. Recibido dicho pedido de cotizaci\u00f3n,<strong>\u00a0Kp Mayorista<\/strong>\u00a0procesar\u00e1 el pedido y se pondr\u00e1 en contacto con el cliente, usuario o visitante para comunicarle si el pedido es correcto o si existe alguna diferencia ya sea por falta de stock de los productos, diferencias en los precios, etc. Una vez hecho esto, el cliente, usuario o visitante podr\u00e1 aceptar o rechazar dicho presupuesto.<\/p>\n<p>Estas Condiciones de Uso son aceptadas en el momento en que usted utiliza el \u201cSitio\u201d o cualquiera de los Contenidos del Sitio, lo cual queda confirmado cuando usted ingresa al \u201cSitio\u201d.<\/p>\n<p>Pasos para operar:<\/p>\n<ol>\n<li>Completa el Formulario de Solicitud de Alta de Cliente.<\/li>\n<li>Nos contactaremos y brindaremos las credenciales para ingresar como cliente habilitado.<\/li>\n<li>Ingresar con el Usuario y Contrase\u00f1a suministrados por\u00a0<strong>Kp Mayorista<\/strong>.<\/li>\n<li>Navega por nuestro Cat\u00e1logo.<\/li>\n<li>Elige el producto que deseas comprar y haces clic en el bot\u00f3n del \u201ccarrito\u201d.<\/li>\n<li>Puedes seguir eligiendo tantos productos como quieras de nuestro Cat\u00e1logo y agregarlos al \u201ccarrito\u201d.<\/li>\n<li>Ingresa al icono del \u201ccarrito\u201d en la esquina superior derecha del sitio web, o navega por el men\u00fa principal \u201cMi Cuenta\u201d \u2013&gt; \u201cCarrito\u201d y ver\u00e1s todos los productos agregados.<\/li>\n<li>Puedes quitar alguno de ellos, modificar la cantidad o seguir agregando productos.<\/li>\n<li>Haz clic en \u201cFinalizar\u201d o \u201cEnviar Pedido\u201d para enviar el pedido de cotizaci\u00f3n a\u00a0<strong>Kp Mayorista<\/strong>.<\/li>\n<li><strong>Kp Mayorista<\/strong>\u00a0procesar\u00e1 la solicitud y se comunicar\u00e1 de manera directa para indicar cualquier ajuste debido a falta de stock o diferencias de precios, etc.<\/li>\n<li>Puedes aceptar o rechazar el presupuesto.<\/li>\n<li>Si el presupuesto es aceptado, se perfecciona la venta se env\u00eda la mercader\u00eda con comisionista o el cliente la retira de el dep\u00f3sito.<\/li>\n<\/ol>\n","protected":false},"excerpt":{"rendered":"<p>Antes de realizar cualquier compra en\u00a0Kp Mayorista, previamente deber\u00e1s registrarte completando el Formulario de Solicitud y aguardar nuestro contacto para habilitarte a operar. El cliente, usuario o visitante \u201d al realizar un pedido o \u201ccompra\u201d a trav\u00e9s del \u201cSitio\u201d, no estar\u00e1 realizando un contrato de compraventa electr\u00f3nica, sino que estar\u00e1 realizando un pedido de Solicitud<\/p>\n","protected":false},"author":1,"featured_media":0,"parent":0,"menu_order":0,"comment_status":"closed","ping_status":"closed","template":"","meta":{"_monsterinsights_skip_tracking":false,"_monsterinsights_sitenote_active":false,"_monsterinsights_sitenote_note":"","_monsterinsights_sitenote_category":0,"footnotes":""},"class_list":["post-8982","page","type-page","status-publish","hentry","prodpage-style3"],"_links":{"self":[{"href":"https:\/\/kpmayorista.com\/nueva\/wp-json\/wp\/v2\/pages\/8982","targetHints":{"allow":["GET"]}}],"collection":[{"href":"https:\/\/kpmayorista.com\/nueva\/wp-json\/wp\/v2\/pages"}],"about":[{"href":"https:\/\/kpmayorista.com\/nueva\/wp-json\/wp\/v2\/types\/page"}],"author":[{"embeddable":true,"href":"https:\/\/kpmayorista.com\/nueva\/wp-json\/wp\/v2\/users\/1"}],"replies":[{"embeddable":true,"href":"https:\/\/kpmayorista.com\/nueva\/wp-json\/wp\/v2\/comments?post=8982"}],"version-history":[{"count":3,"href":"https:\/\/kpmayorista.com\/nueva\/wp-json\/wp\/v2\/pages\/8982\/revisions"}],"predecessor-version":[{"id":8986,"href":"https:\/\/kpmayorista.com\/nueva\/wp-json\/wp\/v2\/pages\/8982\/revisions\/8986"}],"wp:attachment":[{"href":"https:\/\/kpmayorista.com\/nueva\/wp-json\/wp\/v2\/media?parent=8982"}],"curies":[{"name":"wp","href":"https:\/\/api.w.org\/{rel}","templated":true}]}}