{"id":11742,"date":"2024-09-11T12:47:15","date_gmt":"2024-09-11T15:47:15","guid":{"rendered":"https:\/\/kpmayorista.com\/nueva\/productos\/pano-de-microfibra-tecnologico-media-naranja-25x35-cm-ultra-resistente-mnj-90110\/"},"modified":"2026-04-06T07:41:47","modified_gmt":"2026-04-06T10:41:47","slug":"pano-de-microfibra-tecnologico-media-naranja-25x35-cm-ultra-resistente-mnj-90110","status":"publish","type":"product","link":"https:\/\/kpmayorista.com\/nueva\/productos\/pano-de-microfibra-tecnologico-media-naranja-25x35-cm-ultra-resistente-mnj-90110\/","title":{"rendered":"PA\u00d1O DE MICROFIBRA TECNOL\u00d3GICO MEDIA NARANJA 25&#215;35 CM ultra resistente &#8211; (MNJ-90110)"},"content":{"rendered":"<p>PA\u00d1O DE MICROFIBRA TECNOL\u00d3GICO MEDIA NARANJA 25&#215;35 CM ultra resistente<\/p>\n","protected":false},"excerpt":{"rendered":"<p>Uni. x Bulto: BULTO X 10<\/p>\n","protected":false},"featured_media":11761,"template":"","meta":{"_monsterinsights_skip_tracking":false,"_monsterinsights_sitenote_active":false,"_monsterinsights_sitenote_note":"","_monsterinsights_sitenote_category":0},"product_brand":[],"product_cat":[565,581],"product_tag":[],"class_list":{"0":"post-11742","1":"product","2":"type-product","3":"status-publish","4":"has-post-thumbnail","6":"product_cat-07-accesorios-del-hogar","7":"product_cat-7-18-limpieza","9":"first","10":"instock","11":"product-type-simple","12":"prodpage-style3"},"_links":{"self":[{"href":"https:\/\/kpmayorista.com\/nueva\/wp-json\/wp\/v2\/product\/11742","targetHints":{"allow":["GET"]}}],"collection":[{"href":"https:\/\/kpmayorista.com\/nueva\/wp-json\/wp\/v2\/product"}],"about":[{"href":"https:\/\/kpmayorista.com\/nueva\/wp-json\/wp\/v2\/types\/product"}],"wp:featuredmedia":[{"embeddable":true,"href":"https:\/\/kpmayorista.com\/nueva\/wp-json\/wp\/v2\/media\/11761"}],"wp:attachment":[{"href":"https:\/\/kpmayorista.com\/nueva\/wp-json\/wp\/v2\/media?parent=11742"}],"wp:term":[{"taxonomy":"product_brand","embeddable":true,"href":"https:\/\/kpmayorista.com\/nueva\/wp-json\/wp\/v2\/product_brand?post=11742"},{"taxonomy":"product_cat","embeddable":true,"href":"https:\/\/kpmayorista.com\/nueva\/wp-json\/wp\/v2\/product_cat?post=11742"},{"taxonomy":"product_tag","embeddable":true,"href":"https:\/\/kpmayorista.com\/nueva\/wp-json\/wp\/v2\/product_tag?post=11742"}],"curies":[{"name":"wp","href":"https:\/\/api.w.org\/{rel}","templated":true}]}}