{"id":15455,"date":"2025-09-25T15:10:14","date_gmt":"2025-09-25T18:10:14","guid":{"rendered":"https:\/\/kpmayorista.com\/nueva\/productos\/alfombra-bano-neoprene-rectangular-disenos-surtidos-ect-367860\/"},"modified":"2026-04-17T11:56:43","modified_gmt":"2026-04-17T14:56:43","slug":"alfombra-bano-neoprene-rectangular-disenos-surtidos-ect-367860","status":"publish","type":"product","link":"https:\/\/kpmayorista.com\/nueva\/productos\/alfombra-bano-neoprene-rectangular-disenos-surtidos-ect-367860\/","title":{"rendered":"ALFOMBRA Ba\u00f1o NEOPRENE Rectangular dise\u00f1os surtidos &#8211; (ECT-367860)"},"content":{"rendered":"<p>ALFOMBRA Ba\u00f1o NEOPRENE Rectangular dise\u00f1os surtidos<\/p>\n","protected":false},"excerpt":{"rendered":"<p>Uni. x Bulto: BULTO X 60<\/p>\n","protected":false},"featured_media":15501,"template":"","meta":{"_monsterinsights_skip_tracking":false,"_monsterinsights_sitenote_active":false,"_monsterinsights_sitenote_note":"","_monsterinsights_sitenote_category":0},"product_brand":[],"product_cat":[532,534,689],"product_tag":[],"class_list":{"0":"post-15455","1":"product","2":"type-product","3":"status-publish","4":"has-post-thumbnail","6":"product_cat-02-alfombra-y-felpudos","7":"product_cat-2-2-alf-algodon-y-chenille-bano","8":"product_cat-promociones","10":"first","11":"instock","12":"product-type-simple","13":"prodpage-style3"},"_links":{"self":[{"href":"https:\/\/kpmayorista.com\/nueva\/wp-json\/wp\/v2\/product\/15455","targetHints":{"allow":["GET"]}}],"collection":[{"href":"https:\/\/kpmayorista.com\/nueva\/wp-json\/wp\/v2\/product"}],"about":[{"href":"https:\/\/kpmayorista.com\/nueva\/wp-json\/wp\/v2\/types\/product"}],"wp:featuredmedia":[{"embeddable":true,"href":"https:\/\/kpmayorista.com\/nueva\/wp-json\/wp\/v2\/media\/15501"}],"wp:attachment":[{"href":"https:\/\/kpmayorista.com\/nueva\/wp-json\/wp\/v2\/media?parent=15455"}],"wp:term":[{"taxonomy":"product_brand","embeddable":true,"href":"https:\/\/kpmayorista.com\/nueva\/wp-json\/wp\/v2\/product_brand?post=15455"},{"taxonomy":"product_cat","embeddable":true,"href":"https:\/\/kpmayorista.com\/nueva\/wp-json\/wp\/v2\/product_cat?post=15455"},{"taxonomy":"product_tag","embeddable":true,"href":"https:\/\/kpmayorista.com\/nueva\/wp-json\/wp\/v2\/product_tag?post=15455"}],"curies":[{"name":"wp","href":"https:\/\/api.w.org\/{rel}","templated":true}]}}