{"id":4726,"date":"2020-01-01T00:00:00","date_gmt":"2020-01-01T03:00:00","guid":{"rendered":"https:\/\/kpmayorista.com\/nuevaweb\/?post_type=product&#038;p=4726"},"modified":"2026-04-24T13:18:31","modified_gmt":"2026-04-24T16:18:31","slug":"alfombra-bano-shaggy-microfibra-redonda-50-cm-o-con-antideslizante-mie-e50r","status":"publish","type":"product","link":"https:\/\/kpmayorista.com\/nueva\/productos\/alfombra-bano-shaggy-microfibra-redonda-50-cm-o-con-antideslizante-mie-e50r\/","title":{"rendered":"ALFOMBRA BA\u00d1O SHAGGY MICROFIBRA REDONDA 50 CM \u00d8 CON ANTIDESLIZANTE &#8211; (MIE-E50R)"},"content":{"rendered":"<p>ALFOMBRA BA\u00d1O SHAGGY MICROFIBRA REDONDA 50 CM \u00d8 CON ANTIDESLIZANTE<\/p>\n","protected":false},"excerpt":{"rendered":"<p>Uni. x Bulto: BULTO X 120<\/p>\n","protected":false},"featured_media":4778,"template":"","meta":{"_monsterinsights_skip_tracking":false,"_monsterinsights_sitenote_active":false,"_monsterinsights_sitenote_note":"","_monsterinsights_sitenote_category":0},"product_brand":[],"product_cat":[532,534],"product_tag":[],"class_list":{"0":"post-4726","1":"product","2":"type-product","3":"status-publish","4":"has-post-thumbnail","6":"product_cat-02-alfombra-y-felpudos","7":"product_cat-2-2-alf-algodon-y-chenille-bano","9":"first","10":"instock","11":"product-type-simple","12":"prodpage-style3"},"_links":{"self":[{"href":"https:\/\/kpmayorista.com\/nueva\/wp-json\/wp\/v2\/product\/4726","targetHints":{"allow":["GET"]}}],"collection":[{"href":"https:\/\/kpmayorista.com\/nueva\/wp-json\/wp\/v2\/product"}],"about":[{"href":"https:\/\/kpmayorista.com\/nueva\/wp-json\/wp\/v2\/types\/product"}],"wp:featuredmedia":[{"embeddable":true,"href":"https:\/\/kpmayorista.com\/nueva\/wp-json\/wp\/v2\/media\/4778"}],"wp:attachment":[{"href":"https:\/\/kpmayorista.com\/nueva\/wp-json\/wp\/v2\/media?parent=4726"}],"wp:term":[{"taxonomy":"product_brand","embeddable":true,"href":"https:\/\/kpmayorista.com\/nueva\/wp-json\/wp\/v2\/product_brand?post=4726"},{"taxonomy":"product_cat","embeddable":true,"href":"https:\/\/kpmayorista.com\/nueva\/wp-json\/wp\/v2\/product_cat?post=4726"},{"taxonomy":"product_tag","embeddable":true,"href":"https:\/\/kpmayorista.com\/nueva\/wp-json\/wp\/v2\/product_tag?post=4726"}],"curies":[{"name":"wp","href":"https:\/\/api.w.org\/{rel}","templated":true}]}}