{"id":6764,"date":"2023-11-03T13:15:58","date_gmt":"2023-11-03T16:15:58","guid":{"rendered":"https:\/\/kpmayorista.com\/nuevaweb\/?post_type=product&#038;p=6764"},"modified":"2026-04-20T07:43:00","modified_gmt":"2026-04-20T10:43:00","slug":"exhibidor-cano-caracol-para-alfombras-y-felpudos-215-cm-alto-60-cm-o-no-incluye-los-productos-kp-exhalf","status":"publish","type":"product","link":"https:\/\/kpmayorista.com\/nueva\/productos\/exhibidor-cano-caracol-para-alfombras-y-felpudos-215-cm-alto-60-cm-o-no-incluye-los-productos-kp-exhalf\/","title":{"rendered":"EXHIBIDOR CA\u00d1O CARACOL PARA ALFOMBRAS Y FELPUDOS 215 CM ALTO 60 CM \u00d8 (NO INCLUYE LOS PRODUCTOS) &#8211; (KP-EXHALF)"},"content":{"rendered":"<p>EXHIBIDOR CA\u00d1O CARACOL PARA ALFOMBRAS Y FELPUDOS 215 CM ALTO 60 CM \u00d8 (NO INCLUYE LOS PRODUCTOS)<\/p>\n","protected":false},"excerpt":{"rendered":"<p>Uni. x Bulto: <\/p>\n","protected":false},"featured_media":6793,"template":"","meta":{"_monsterinsights_skip_tracking":false,"_monsterinsights_sitenote_active":false,"_monsterinsights_sitenote_note":"","_monsterinsights_sitenote_category":0},"product_brand":[],"product_cat":[532,535],"product_tag":[],"class_list":{"0":"post-6764","1":"product","2":"type-product","3":"status-publish","4":"has-post-thumbnail","6":"product_cat-02-alfombra-y-felpudos","7":"product_cat-2-3-felpudos","9":"first","10":"instock","11":"product-type-simple","12":"prodpage-style3"},"_links":{"self":[{"href":"https:\/\/kpmayorista.com\/nueva\/wp-json\/wp\/v2\/product\/6764","targetHints":{"allow":["GET"]}}],"collection":[{"href":"https:\/\/kpmayorista.com\/nueva\/wp-json\/wp\/v2\/product"}],"about":[{"href":"https:\/\/kpmayorista.com\/nueva\/wp-json\/wp\/v2\/types\/product"}],"wp:featuredmedia":[{"embeddable":true,"href":"https:\/\/kpmayorista.com\/nueva\/wp-json\/wp\/v2\/media\/6793"}],"wp:attachment":[{"href":"https:\/\/kpmayorista.com\/nueva\/wp-json\/wp\/v2\/media?parent=6764"}],"wp:term":[{"taxonomy":"product_brand","embeddable":true,"href":"https:\/\/kpmayorista.com\/nueva\/wp-json\/wp\/v2\/product_brand?post=6764"},{"taxonomy":"product_cat","embeddable":true,"href":"https:\/\/kpmayorista.com\/nueva\/wp-json\/wp\/v2\/product_cat?post=6764"},{"taxonomy":"product_tag","embeddable":true,"href":"https:\/\/kpmayorista.com\/nueva\/wp-json\/wp\/v2\/product_tag?post=6764"}],"curies":[{"name":"wp","href":"https:\/\/api.w.org\/{rel}","templated":true}]}}