{"id":8106,"date":"2020-01-01T00:00:00","date_gmt":"2020-01-01T03:00:00","guid":{"rendered":"https:\/\/kpmayorista.com\/nuevaweb\/?post_type=product&#038;p=8106"},"modified":"2026-04-24T13:18:28","modified_gmt":"2026-04-24T16:18:28","slug":"alfombra-bano-piel-pelo-largo-batik-60-cm-o-antid-con-borde-bak-18585","status":"publish","type":"product","link":"https:\/\/kpmayorista.com\/nueva\/productos\/alfombra-bano-piel-pelo-largo-batik-60-cm-o-antid-con-borde-bak-18585\/","title":{"rendered":"ALFOMBRA BA\u00d1O PIEL PELO LARGO BATIK 60 CM \u00d8 ANTID CON BORDE &#8211; (BAK-18585)"},"content":{"rendered":"<p>ALFOMBRA BA\u00d1O PIEL PELO LARGO BATIK 60 CM \u00d8 ANTID CON BORDE<\/p>\n","protected":false},"excerpt":{"rendered":"<p>Uni. x Bulto: BULTO X 50<\/p>\n","protected":false},"featured_media":8131,"template":"","meta":{"_monsterinsights_skip_tracking":false,"_monsterinsights_sitenote_active":false,"_monsterinsights_sitenote_note":"","_monsterinsights_sitenote_category":0},"product_brand":[],"product_cat":[532,534],"product_tag":[],"class_list":{"0":"post-8106","1":"product","2":"type-product","3":"status-publish","4":"has-post-thumbnail","6":"product_cat-02-alfombra-y-felpudos","7":"product_cat-2-2-alf-algodon-y-chenille-bano","9":"first","10":"instock","11":"product-type-simple","12":"prodpage-style3"},"_links":{"self":[{"href":"https:\/\/kpmayorista.com\/nueva\/wp-json\/wp\/v2\/product\/8106","targetHints":{"allow":["GET"]}}],"collection":[{"href":"https:\/\/kpmayorista.com\/nueva\/wp-json\/wp\/v2\/product"}],"about":[{"href":"https:\/\/kpmayorista.com\/nueva\/wp-json\/wp\/v2\/types\/product"}],"wp:featuredmedia":[{"embeddable":true,"href":"https:\/\/kpmayorista.com\/nueva\/wp-json\/wp\/v2\/media\/8131"}],"wp:attachment":[{"href":"https:\/\/kpmayorista.com\/nueva\/wp-json\/wp\/v2\/media?parent=8106"}],"wp:term":[{"taxonomy":"product_brand","embeddable":true,"href":"https:\/\/kpmayorista.com\/nueva\/wp-json\/wp\/v2\/product_brand?post=8106"},{"taxonomy":"product_cat","embeddable":true,"href":"https:\/\/kpmayorista.com\/nueva\/wp-json\/wp\/v2\/product_cat?post=8106"},{"taxonomy":"product_tag","embeddable":true,"href":"https:\/\/kpmayorista.com\/nueva\/wp-json\/wp\/v2\/product_tag?post=8106"}],"curies":[{"name":"wp","href":"https:\/\/api.w.org\/{rel}","templated":true}]}}