{"id":9710,"date":"2024-01-16T09:36:26","date_gmt":"2024-01-16T12:36:26","guid":{"rendered":"https:\/\/kpmayorista.com\/nueva\/productos\/pano-microfibra-media-naranja-30x30-cm-1000-usos-pack-x-3-unidades-80-poliester-20-algodon-mnj-81423\/"},"modified":"2026-05-04T08:25:52","modified_gmt":"2026-05-04T11:25:52","slug":"pano-microfibra-media-naranja-30x30-cm-1000-usos-pack-x-3-unidades-80-poliester-20-algodon-mnj-81423","status":"publish","type":"product","link":"https:\/\/kpmayorista.com\/nueva\/productos\/pano-microfibra-media-naranja-30x30-cm-1000-usos-pack-x-3-unidades-80-poliester-20-algodon-mnj-81423\/","title":{"rendered":"PA\u00d1O MICROFIBRA MEDIA NARANJA 30&#215;30 CM 1000 USOS PACK x 3 UNIDADES 80% POLIESTER 20% ALGOD\u00d3N &#8211; (MNJ-81423)"},"content":{"rendered":"<p>PA\u00d1O MICROFIBRA MEDIA NARANJA 30&#215;30 CM 1000 USOS PACK x 3 UNIDADES 80% POLIESTER 20% ALGOD\u00d3N<\/p>\n","protected":false},"excerpt":{"rendered":"<p>Uni. x Bulto: BULTO X 10<\/p>\n","protected":false},"featured_media":9725,"template":"","meta":{"_monsterinsights_skip_tracking":false,"_monsterinsights_sitenote_active":false,"_monsterinsights_sitenote_note":"","_monsterinsights_sitenote_category":0},"product_brand":[],"product_cat":[565,581],"product_tag":[],"class_list":{"0":"post-9710","1":"product","2":"type-product","3":"status-publish","4":"has-post-thumbnail","6":"product_cat-07-accesorios-del-hogar","7":"product_cat-7-18-limpieza","9":"first","10":"instock","11":"product-type-simple","12":"prodpage-style3"},"_links":{"self":[{"href":"https:\/\/kpmayorista.com\/nueva\/wp-json\/wp\/v2\/product\/9710","targetHints":{"allow":["GET"]}}],"collection":[{"href":"https:\/\/kpmayorista.com\/nueva\/wp-json\/wp\/v2\/product"}],"about":[{"href":"https:\/\/kpmayorista.com\/nueva\/wp-json\/wp\/v2\/types\/product"}],"wp:featuredmedia":[{"embeddable":true,"href":"https:\/\/kpmayorista.com\/nueva\/wp-json\/wp\/v2\/media\/9725"}],"wp:attachment":[{"href":"https:\/\/kpmayorista.com\/nueva\/wp-json\/wp\/v2\/media?parent=9710"}],"wp:term":[{"taxonomy":"product_brand","embeddable":true,"href":"https:\/\/kpmayorista.com\/nueva\/wp-json\/wp\/v2\/product_brand?post=9710"},{"taxonomy":"product_cat","embeddable":true,"href":"https:\/\/kpmayorista.com\/nueva\/wp-json\/wp\/v2\/product_cat?post=9710"},{"taxonomy":"product_tag","embeddable":true,"href":"https:\/\/kpmayorista.com\/nueva\/wp-json\/wp\/v2\/product_tag?post=9710"}],"curies":[{"name":"wp","href":"https:\/\/api.w.org\/{rel}","templated":true}]}}